{"id":5581,"date":"2022-01-19T14:19:32","date_gmt":"2022-01-19T14:19:32","guid":{"rendered":"https:\/\/varosieso.hu\/gallery\/"},"modified":"2024-01-30T13:10:20","modified_gmt":"2024-01-30T13:10:20","slug":"gallery","status":"publish","type":"page","link":"https:\/\/varosieso.hu\/en\/gallery\/","title":{"rendered":"Gallery"},"content":{"rendered":"<p><div class=\"fusion-fullwidth fullwidth-box fusion-builder-row-1 fusion-flex-container fusion-parallax-none hundred-percent-fullwidth non-hundred-percent-height-scrolling\" style=\"--awb-border-radius-top-left:0px;--awb-border-radius-top-right:0px;--awb-border-radius-bottom-right:0px;--awb-border-radius-bottom-left:0px;--awb-padding-top:0px;--awb-padding-bottom:0px;--awb-min-height:150px;--awb-background-image:url(&quot;http:\/\/varosieso.hu\/wp-content\/uploads\/2022\/04\/esokertek-slider-3.png&quot;);--awb-background-size:cover;--awb-flex-wrap:wrap;--awb-box-shadow:5px 5px 22px 1px var(--awb-color8) inset;\" ><div class=\"fusion-builder-row fusion-row fusion-flex-align-items-center fusion-flex-justify-content-center fusion-flex-content-wrap\" style=\"width:104% !important;max-width:104% !important;margin-left: calc(-4% \/ 2 );margin-right: calc(-4% \/ 2 );\"><div class=\"fusion-layout-column fusion_builder_column fusion-builder-column-0 fusion_builder_column_2_3 2_3 fusion-flex-column fusion-flex-align-self-center\" style=\"--awb-bg-size:cover;--awb-width-large:66.666666666667%;--awb-margin-top-large:0px;--awb-spacing-right-large:2.88%;--awb-margin-bottom-large:0px;--awb-spacing-left-large:14.112%;--awb-width-medium:66.666666666667%;--awb-order-medium:0;--awb-spacing-right-medium:2.88%;--awb-spacing-left-medium:14.112%;--awb-width-small:100%;--awb-order-small:0;--awb-spacing-right-small:1.92%;--awb-spacing-left-small:1.92%;\"><div class=\"fusion-column-wrapper fusion-column-has-shadow fusion-flex-justify-content-center fusion-content-layout-column\"><div class=\"fusion-text fusion-text-1\" style=\"--awb-text-transform:none;\"><h3><span style=\"color: #ffffff;\"><span style=\"font-family: Inter; font-weight: 200;\" data-fusion-font=\"true\" data-fusion-google-font=\"Inter\" data-fusion-google-variant=\"200\">Photos, videos<\/span><\/span><\/h3>\n<\/div><\/div><\/div><div class=\"fusion-layout-column fusion_builder_column fusion-builder-column-1 fusion_builder_column_1_3 1_3 fusion-flex-column\" style=\"--awb-bg-size:cover;--awb-width-large:33.333333333333%;--awb-margin-top-large:0px;--awb-spacing-right-large:5.76%;--awb-margin-bottom-large:20px;--awb-spacing-left-large:5.76%;--awb-width-medium:33.333333333333%;--awb-order-medium:0;--awb-spacing-right-medium:5.76%;--awb-spacing-left-medium:5.76%;--awb-width-small:100%;--awb-order-small:0;--awb-spacing-right-small:1.92%;--awb-spacing-left-small:1.92%;\"><div class=\"fusion-column-wrapper fusion-column-has-shadow fusion-flex-justify-content-flex-start fusion-content-layout-column\"><\/div><\/div><\/div><\/div><div class=\"fusion-fullwidth fullwidth-box fusion-builder-row-2 fusion-flex-container has-pattern-background has-mask-background nonhundred-percent-fullwidth non-hundred-percent-height-scrolling\" style=\"--awb-border-radius-top-left:0px;--awb-border-radius-top-right:0px;--awb-border-radius-bottom-right:0px;--awb-border-radius-bottom-left:0px;--awb-flex-wrap:wrap;\" ><div class=\"fusion-builder-row fusion-row fusion-flex-align-items-flex-start fusion-flex-content-wrap\" style=\"max-width:1248px;margin-left: calc(-4% \/ 2 );margin-right: calc(-4% \/ 2 );\"><div class=\"fusion-layout-column fusion_builder_column fusion-builder-column-2 fusion_builder_column_1_1 1_1 fusion-flex-column\" style=\"--awb-bg-size:cover;--awb-width-large:100%;--awb-margin-top-large:0px;--awb-spacing-right-large:1.92%;--awb-margin-bottom-large:20px;--awb-spacing-left-large:1.92%;--awb-width-medium:100%;--awb-order-medium:0;--awb-spacing-right-medium:1.92%;--awb-spacing-left-medium:1.92%;--awb-width-small:100%;--awb-order-small:0;--awb-spacing-right-small:1.92%;--awb-spacing-left-small:1.92%;\"><div class=\"fusion-column-wrapper fusion-column-has-shadow fusion-flex-justify-content-flex-start fusion-content-layout-column\"><div class=\"fusion-separator fusion-full-width-sep\" style=\"align-self: center;margin-left: auto;margin-right: auto;margin-top:40px;width:100%;\"><\/div><div class=\"awb-gallery-wrapper awb-gallery-wrapper-1 button-span-no\" style=\"--more-btn-alignment:center;\"><div style=\"margin:-5px;--awb-bordersize:0px;\" class=\"fusion-gallery fusion-gallery-container fusion-grid-3 fusion-columns-total-8 fusion-gallery-layout-grid fusion-gallery-1\"><div style=\"padding:5px;\" class=\"fusion-grid-column fusion-gallery-column fusion-gallery-column-3 hover-type-none\"><div class=\"fusion-gallery-image\"><a href=\"https:\/\/varosieso.hu\/wp-content\/uploads\/2023\/03\/20221114_144029-scaled.jpg\" data-title=\"Viladecans\" title=\"Viladecans\" data-caption=\"A spanyolorsz\u00e1gi Viladecans v\u00e1ros sz\u00e9l\u00e9n tal\u00e1lhat\u00f3 es\u0151v\u00edzgy\u0171jt\u0151 megtekint\u00e9se\" rel=\"noreferrer\" data-rel=\"iLightbox[gallery_image_1]\" class=\"fusion-lightbox\" target=\"_self\"><img decoding=\"async\" src=\"https:\/\/varosieso.hu\/wp-content\/uploads\/2023\/03\/20221114_144029-460x295.jpg\" width=\"460\" height=\"295\" alt=\"\" title=\"Viladecans\" aria-label=\"Viladecans\" class=\"img-responsive wp-image-5328 fusion-gallery-image-size-fixed\"  \/><\/a><\/div><\/div><div style=\"padding:5px;\" class=\"fusion-grid-column fusion-gallery-column fusion-gallery-column-3 hover-type-none\"><div class=\"fusion-gallery-image\"><a href=\"https:\/\/varosieso.hu\/wp-content\/uploads\/2023\/03\/20221116_085809-scaled.jpg\" data-title=\"Barcelona SUDS\" title=\"Barcelona SUDS\" data-caption=\"Es\u0151kert Barcelon\u00e1ban\" rel=\"noreferrer\" data-rel=\"iLightbox[gallery_image_1]\" class=\"fusion-lightbox\" target=\"_self\"><img decoding=\"async\" src=\"https:\/\/varosieso.hu\/wp-content\/uploads\/2023\/03\/20221116_085809-460x295.jpg\" width=\"460\" height=\"295\" alt=\"\" title=\"Barcelona SUDS\" aria-label=\"Barcelona SUDS\" class=\"img-responsive wp-image-5327 fusion-gallery-image-size-fixed\"  \/><\/a><\/div><\/div><div style=\"padding:5px;\" class=\"fusion-grid-column fusion-gallery-column fusion-gallery-column-3 hover-type-none\"><div class=\"fusion-gallery-image\"><a href=\"https:\/\/varosieso.hu\/wp-content\/uploads\/2023\/03\/IMG-470bc834beca2d53d3b747dca727f80a-V-1.jpg\" data-title=\"LIFE V\u00e1rosi Es\u0151 csapata\" title=\"LIFE V\u00e1rosi Es\u0151 csapata\" data-caption=\"Barcelona-i tanulm\u00e1nyi l\u00e1togat\u00e1s, 2022\" rel=\"noreferrer\" data-rel=\"iLightbox[gallery_image_1]\" class=\"fusion-lightbox\" target=\"_self\"><img decoding=\"async\" src=\"https:\/\/varosieso.hu\/wp-content\/uploads\/2023\/03\/IMG-470bc834beca2d53d3b747dca727f80a-V-1-460x295.jpg\" width=\"460\" height=\"295\" alt=\"\" title=\"LIFE V\u00e1rosi Es\u0151 csapata\" aria-label=\"LIFE V\u00e1rosi Es\u0151 csapata\" class=\"img-responsive wp-image-5326 fusion-gallery-image-size-fixed\"  \/><\/a><\/div><\/div><div class=\"clearfix\"><\/div><div style=\"padding:5px;\" class=\"fusion-grid-column fusion-gallery-column fusion-gallery-column-3 hover-type-none\"><div class=\"fusion-gallery-image\"><a href=\"https:\/\/varosieso.hu\/wp-content\/uploads\/2023\/03\/20230309_083609-scaled.jpg\" data-title=\"Diana park es\u0151kert\" title=\"Diana park es\u0151kert\" data-caption=\"A XII. ker\u00fcleti Diana parkba tervezett es\u0151kert el\u0151k\u00e9sz\u00edt\u00e9si munk\u00e1latai\" rel=\"noreferrer\" data-rel=\"iLightbox[gallery_image_1]\" class=\"fusion-lightbox\" target=\"_self\"><img decoding=\"async\" src=\"https:\/\/varosieso.hu\/wp-content\/uploads\/2023\/03\/20230309_083609-460x295.jpg\" width=\"460\" height=\"295\" alt=\"\" title=\"Diana park es\u0151kert\" aria-label=\"Diana park es\u0151kert\" class=\"img-responsive wp-image-5325 fusion-gallery-image-size-fixed\"  \/><\/a><\/div><\/div><div style=\"padding:5px;\" class=\"fusion-grid-column fusion-gallery-column fusion-gallery-column-3 hover-type-none\"><div class=\"fusion-gallery-image\"><a href=\"https:\/\/varosieso.hu\/wp-content\/uploads\/2023\/07\/DSC00011-2.jpg\" data-title=\"Es\u0151s Erzs\u00e9betv\u00e1ros\" title=\"Es\u0151s Erzs\u00e9betv\u00e1ros\" data-caption=\"Es\u0151s Erzs\u00e9betv\u00e1ros\" rel=\"noreferrer\" data-rel=\"iLightbox[gallery_image_1]\" class=\"fusion-lightbox\" target=\"_self\"><img decoding=\"async\" src=\"https:\/\/varosieso.hu\/wp-content\/uploads\/2023\/07\/DSC00011-2-460x295.jpg\" width=\"460\" height=\"295\" alt=\"\" title=\"Es\u0151s Erzs\u00e9betv\u00e1ros\" aria-label=\"Es\u0151s Erzs\u00e9betv\u00e1ros\" class=\"img-responsive wp-image-5364 fusion-gallery-image-size-fixed\"  \/><\/a><\/div><\/div><div style=\"padding:5px;\" class=\"fusion-grid-column fusion-gallery-column fusion-gallery-column-3 hover-type-none\"><div class=\"fusion-gallery-image\"><a href=\"https:\/\/varosieso.hu\/wp-content\/uploads\/2023\/07\/DSC00050-1.jpg\" data-title=\"Es\u0151s Erzs\u00e9betv\u00e1ros\" title=\"Es\u0151s Erzs\u00e9betv\u00e1ros\" data-caption=\"Es\u0151s Erzs\u00e9betv\u00e1ros\" rel=\"noreferrer\" data-rel=\"iLightbox[gallery_image_1]\" class=\"fusion-lightbox\" target=\"_self\"><img decoding=\"async\" src=\"https:\/\/varosieso.hu\/wp-content\/uploads\/2023\/07\/DSC00050-1-460x295.jpg\" width=\"460\" height=\"295\" alt=\"\" title=\"Es\u0151s Erzs\u00e9betv\u00e1ros\" aria-label=\"Es\u0151s Erzs\u00e9betv\u00e1ros\" class=\"img-responsive wp-image-5365 fusion-gallery-image-size-fixed\"  \/><\/a><\/div><\/div><div class=\"clearfix\"><\/div><div style=\"padding:5px;\" class=\"fusion-grid-column fusion-gallery-column fusion-gallery-column-3 hover-type-none\"><div class=\"fusion-gallery-image\"><a href=\"https:\/\/varosieso.hu\/wp-content\/uploads\/2023\/07\/DSC00004-1.jpg\" data-title=\"Es\u0151s Erzs\u00e9betv\u00e1ros\" title=\"Es\u0151s Erzs\u00e9betv\u00e1ros\" data-caption=\"Es\u0151s Erzs\u00e9betv\u00e1ros\" rel=\"noreferrer\" data-rel=\"iLightbox[gallery_image_1]\" class=\"fusion-lightbox\" target=\"_self\"><img decoding=\"async\" src=\"https:\/\/varosieso.hu\/wp-content\/uploads\/2023\/07\/DSC00004-1-460x295.jpg\" width=\"460\" height=\"295\" alt=\"\" title=\"Es\u0151s Erzs\u00e9betv\u00e1ros\" aria-label=\"Es\u0151s Erzs\u00e9betv\u00e1ros\" class=\"img-responsive wp-image-5366 fusion-gallery-image-size-fixed\"  \/><\/a><\/div><\/div><div style=\"padding:5px;\" class=\"fusion-grid-column fusion-gallery-column fusion-gallery-column-3 hover-type-none\"><div class=\"fusion-gallery-image\"><a href=\"https:\/\/varosieso.hu\/wp-content\/uploads\/2023\/07\/DSC00030-1.jpg\" data-title=\"Es\u0151s Erzs\u00e9betv\u00e1ros\" title=\"Es\u0151s Erzs\u00e9betv\u00e1ros\" data-caption=\"Es\u0151s Erzs\u00e9betv\u00e1ros\" rel=\"noreferrer\" data-rel=\"iLightbox[gallery_image_1]\" class=\"fusion-lightbox\" target=\"_self\"><img decoding=\"async\" src=\"https:\/\/varosieso.hu\/wp-content\/uploads\/2023\/07\/DSC00030-1-460x295.jpg\" width=\"460\" height=\"295\" alt=\"\" title=\"Es\u0151s Erzs\u00e9betv\u00e1ros\" aria-label=\"Es\u0151s Erzs\u00e9betv\u00e1ros\" class=\"img-responsive wp-image-5367 fusion-gallery-image-size-fixed\"  \/><\/a><\/div><\/div><\/div><\/div><\/div><\/div><\/div><\/div><\/p>\n","protected":false},"excerpt":{"rendered":"","protected":false},"author":1,"featured_media":0,"parent":0,"menu_order":0,"comment_status":"closed","ping_status":"closed","template":"100-width.php","meta":{"footnotes":""},"class_list":["post-5581","page","type-page","status-publish","hentry"],"_links":{"self":[{"href":"https:\/\/varosieso.hu\/en\/wp-json\/wp\/v2\/pages\/5581","targetHints":{"allow":["GET"]}}],"collection":[{"href":"https:\/\/varosieso.hu\/en\/wp-json\/wp\/v2\/pages"}],"about":[{"href":"https:\/\/varosieso.hu\/en\/wp-json\/wp\/v2\/types\/page"}],"author":[{"embeddable":true,"href":"https:\/\/varosieso.hu\/en\/wp-json\/wp\/v2\/users\/1"}],"replies":[{"embeddable":true,"href":"https:\/\/varosieso.hu\/en\/wp-json\/wp\/v2\/comments?post=5581"}],"version-history":[{"count":2,"href":"https:\/\/varosieso.hu\/en\/wp-json\/wp\/v2\/pages\/5581\/revisions"}],"predecessor-version":[{"id":5589,"href":"https:\/\/varosieso.hu\/en\/wp-json\/wp\/v2\/pages\/5581\/revisions\/5589"}],"wp:attachment":[{"href":"https:\/\/varosieso.hu\/en\/wp-json\/wp\/v2\/media?parent=5581"}],"curies":[{"name":"wp","href":"https:\/\/api.w.org\/{rel}","templated":true}]}}