{"id":6795,"date":"2024-11-12T15:40:15","date_gmt":"2024-11-12T15:40:15","guid":{"rendered":"https:\/\/varosieso.hu\/dianautca\/"},"modified":"2025-01-16T08:20:43","modified_gmt":"2025-01-16T08:20:43","slug":"dianautca","status":"publish","type":"page","link":"https:\/\/varosieso.hu\/en\/dianautca\/","title":{"rendered":"Diana Street"},"content":{"rendered":"<div class=\"fusion-fullwidth fullwidth-box fusion-builder-row-1 fusion-flex-container has-pattern-background has-mask-background nonhundred-percent-fullwidth non-hundred-percent-height-scrolling\" style=\"--awb-border-radius-top-left:0px;--awb-border-radius-top-right:0px;--awb-border-radius-bottom-right:0px;--awb-border-radius-bottom-left:0px;--awb-flex-wrap:wrap;\" ><div class=\"fusion-builder-row fusion-row fusion-flex-align-items-flex-start fusion-flex-content-wrap\" style=\"max-width:1248px;margin-left: calc(-4% \/ 2 );margin-right: calc(-4% \/ 2 );\"><div class=\"fusion-layout-column fusion_builder_column fusion-builder-column-0 fusion_builder_column_1_1 1_1 fusion-flex-column\" style=\"--awb-bg-size:cover;--awb-width-large:100%;--awb-margin-top-large:0px;--awb-spacing-right-large:1.92%;--awb-margin-bottom-large:20px;--awb-spacing-left-large:1.92%;--awb-width-medium:100%;--awb-order-medium:0;--awb-spacing-right-medium:1.92%;--awb-spacing-left-medium:1.92%;--awb-width-small:100%;--awb-order-small:0;--awb-spacing-right-small:1.92%;--awb-spacing-left-small:1.92%;\"><div class=\"fusion-column-wrapper fusion-column-has-shadow fusion-flex-justify-content-flex-start fusion-content-layout-column\"><div class=\"fusion-separator fusion-full-width-sep\" style=\"align-self: center;margin-left: auto;margin-right: auto;margin-top:40px;width:100%;\"><\/div><div class=\"fusion-title title fusion-title-1 fusion-sep-none fusion-title-text fusion-title-size-four\"><h4 class=\"fusion-title-heading title-heading-left\" style=\"margin:0;\">Budapest Capital XII. district Hegyvid\u00e9ki Municipality<\/h4><\/div><div class=\"fusion-title title fusion-title-2 fusion-sep-none fusion-title-text fusion-title-size-three\"><h3 class=\"fusion-title-heading title-heading-left\" style=\"margin:0;\">Diana Street underground rainwater reservoir<\/h3><\/div><div class=\"fusion-separator fusion-full-width-sep\" style=\"align-self: center;margin-left: auto;margin-right: auto;margin-top:40px;width:100%;\"><\/div><\/div><\/div><div class=\"fusion-layout-column fusion_builder_column fusion-builder-column-1 fusion_builder_column_1_5 1_5 fusion-flex-column fusion-flex-align-self-center\" style=\"--awb-padding-left:50px;--awb-bg-size:cover;--awb-width-large:20%;--awb-margin-top-large:0px;--awb-spacing-right-large:9.6%;--awb-margin-bottom-large:20px;--awb-spacing-left-large:9.6%;--awb-width-medium:20%;--awb-order-medium:0;--awb-spacing-right-medium:9.6%;--awb-spacing-left-medium:9.6%;--awb-width-small:100%;--awb-order-small:0;--awb-spacing-right-small:1.92%;--awb-spacing-left-small:1.92%;\"><div class=\"fusion-column-wrapper fusion-column-has-shadow fusion-flex-justify-content-flex-start fusion-content-layout-column\"><div class=\"fusion-image-element \" style=\"--awb-caption-title-font-family:var(--h2_typography-font-family);--awb-caption-title-font-weight:var(--h2_typography-font-weight);--awb-caption-title-font-style:var(--h2_typography-font-style);--awb-caption-title-size:var(--h2_typography-font-size);--awb-caption-title-transform:var(--h2_typography-text-transform);--awb-caption-title-line-height:var(--h2_typography-line-height);--awb-caption-title-letter-spacing:var(--h2_typography-letter-spacing);\"><span class=\" fusion-imageframe imageframe-none imageframe-1 hover-type-none\"><img decoding=\"async\" width=\"997\" height=\"1024\" title=\"Diana_20241128_7\" src=\"https:\/\/varosieso.hu\/wp-content\/uploads\/2025\/01\/Diana_20241128_7-1-997x1024.jpg\" alt class=\"img-responsive wp-image-7196\" srcset=\"https:\/\/varosieso.hu\/wp-content\/uploads\/2025\/01\/Diana_20241128_7-1-200x205.jpg 200w, https:\/\/varosieso.hu\/wp-content\/uploads\/2025\/01\/Diana_20241128_7-1-400x411.jpg 400w, https:\/\/varosieso.hu\/wp-content\/uploads\/2025\/01\/Diana_20241128_7-1-600x616.jpg 600w, https:\/\/varosieso.hu\/wp-content\/uploads\/2025\/01\/Diana_20241128_7-1-800x821.jpg 800w, https:\/\/varosieso.hu\/wp-content\/uploads\/2025\/01\/Diana_20241128_7-1-1200x1232.jpg 1200w\" sizes=\"(max-width: 640px) 100vw, 200px\" \/><\/span><\/div><\/div><\/div><div class=\"fusion-layout-column fusion_builder_column fusion-builder-column-2 fusion_builder_column_4_5 4_5 fusion-flex-column\" style=\"--awb-padding-right:50px;--awb-bg-size:cover;--awb-width-large:80%;--awb-margin-top-large:0px;--awb-spacing-right-large:2.4%;--awb-margin-bottom-large:20px;--awb-spacing-left-large:2.4%;--awb-width-medium:80%;--awb-order-medium:0;--awb-spacing-right-medium:2.4%;--awb-spacing-left-medium:2.4%;--awb-width-small:100%;--awb-order-small:0;--awb-spacing-right-small:1.92%;--awb-spacing-left-small:1.92%;\"><div class=\"fusion-column-wrapper fusion-column-has-shadow fusion-flex-justify-content-flex-start fusion-content-layout-column\"><div class=\"fusion-text fusion-text-1\"><p style=\"text-align: justify;  \">The Municipality of Hegyvid\u00e9k participates as a project promoter in the LIFE UrbanExtreme project. The aim of the pilot project is to investigate the problems arising from changes in precipitation events due to climate change, or the lack thereof, in the different geographical and built-up districts of the capital, and in the light of this to create a solution proposal and action plan for sustainable stormwater management at district and capital level.<\/p>\n<\/div><\/div><\/div><div class=\"fusion-layout-column fusion_builder_column fusion-builder-column-3 fusion_builder_column_1_1 1_1 fusion-flex-column\" style=\"--awb-bg-size:cover;--awb-width-large:100%;--awb-margin-top-large:0px;--awb-spacing-right-large:1.92%;--awb-margin-bottom-large:20px;--awb-spacing-left-large:1.92%;--awb-width-medium:100%;--awb-order-medium:0;--awb-spacing-right-medium:1.92%;--awb-spacing-left-medium:1.92%;--awb-width-small:100%;--awb-order-small:0;--awb-spacing-right-small:1.92%;--awb-spacing-left-small:1.92%;\"><div class=\"fusion-column-wrapper fusion-column-has-shadow fusion-flex-justify-content-flex-start fusion-content-layout-column\"><div class=\"fusion-text fusion-text-2\"><p style=\"text-align: justify;\">The main long-term objective of <span style=\"color: var(--awb-text-color); font-family: var(--awb-text-font-family); font-size: var(--awb-font-size); font-style: var(--awb-text-font-style); font-weight: var(--awb-text-font-weight); letter-spacing: var(--awb-letter-spacing); text-align: var(--awb-content-alignment); text-transform: var(--awb-text-transform); background-color: var(--awb-bg-color);\">the LIFE Urban Rainfall<\/span> project is to minimise the damage caused by the increasing intensity of precipitation in Budapest in the future, according to all available analyses, and to help other cities in Hungary and abroad to use the project&#8217;s experience to better protect themselves against the damage caused by intense precipitation.<\/p>\n<\/div><div class=\"fusion-image-carousel fusion-image-carousel-auto fusion-image-carousel-1 fusion-carousel-border\"><div class=\"awb-carousel awb-swiper awb-swiper-carousel awb-carousel--carousel awb-swiper-dots-position-bottom\" data-layout=\"carousel\" data-autoplay=\"no\" data-autoplayspeed=\"2500\" data-autoplaypause=\"no\" data-columns=\"5\" data-columnsmedium=\"1\" data-columnssmall=\"1\" data-itemmargin=\"13\" data-itemwidth=\"180\" data-touchscroll=\"no\" data-freemode=\"no\" data-imagesize=\"auto\" data-scrollitems=\"0\" data-centeredslides=\"no\" data-rotationangle=\"50\" data-depth=\"100\" data-speed=\"500\" data-shadow=\"no\" data-pagination=\"bullets\" style=\"--awb-border-width:1px;--awb-border-color:#e9eaee;\"><div class=\"swiper-wrapper awb-image-carousel-wrapper fusion-flex-align-items-center\"><div class=\"swiper-slide\"><div class=\"fusion-carousel-item-wrapper\"><div class=\"fusion-image-wrapper hover-type-none\"><img decoding=\"async\" width=\"2560\" height=\"1920\" src=\"https:\/\/varosieso.hu\/wp-content\/uploads\/2025\/01\/Diana_20241129_1-scaled.jpg\" class=\"attachment-full size-full\" alt=\"\" srcset=\"https:\/\/varosieso.hu\/wp-content\/uploads\/2025\/01\/Diana_20241129_1-200x150.jpg 200w, https:\/\/varosieso.hu\/wp-content\/uploads\/2025\/01\/Diana_20241129_1-400x300.jpg 400w, https:\/\/varosieso.hu\/wp-content\/uploads\/2025\/01\/Diana_20241129_1-600x450.jpg 600w, https:\/\/varosieso.hu\/wp-content\/uploads\/2025\/01\/Diana_20241129_1-800x600.jpg 800w, https:\/\/varosieso.hu\/wp-content\/uploads\/2025\/01\/Diana_20241129_1-1200x900.jpg 1200w, https:\/\/varosieso.hu\/wp-content\/uploads\/2025\/01\/Diana_20241129_1-scaled.jpg 2560w\" sizes=\"(min-width: 2200px) 100vw, (min-width: 712px) 594px, (min-width: 640px) 712px, \" \/><\/div><\/div><\/div><div class=\"swiper-slide\"><div class=\"fusion-carousel-item-wrapper\"><div class=\"fusion-image-wrapper hover-type-none\"><img decoding=\"async\" width=\"2560\" height=\"1920\" src=\"https:\/\/varosieso.hu\/wp-content\/uploads\/2025\/01\/Diana_Gyongyvirag_6_20241211-scaled.jpg\" class=\"attachment-full size-full\" alt=\"\" srcset=\"https:\/\/varosieso.hu\/wp-content\/uploads\/2025\/01\/Diana_Gyongyvirag_6_20241211-200x150.jpg 200w, https:\/\/varosieso.hu\/wp-content\/uploads\/2025\/01\/Diana_Gyongyvirag_6_20241211-400x300.jpg 400w, https:\/\/varosieso.hu\/wp-content\/uploads\/2025\/01\/Diana_Gyongyvirag_6_20241211-600x450.jpg 600w, https:\/\/varosieso.hu\/wp-content\/uploads\/2025\/01\/Diana_Gyongyvirag_6_20241211-800x600.jpg 800w, https:\/\/varosieso.hu\/wp-content\/uploads\/2025\/01\/Diana_Gyongyvirag_6_20241211-1200x900.jpg 1200w, https:\/\/varosieso.hu\/wp-content\/uploads\/2025\/01\/Diana_Gyongyvirag_6_20241211-scaled.jpg 2560w\" sizes=\"(min-width: 2200px) 100vw, (min-width: 712px) 594px, (min-width: 640px) 712px, \" \/><\/div><\/div><\/div><\/div><div class=\"awb-swiper-button awb-swiper-button-prev\"><i class=\"awb-icon-angle-left\" aria-hidden=\"true\"><\/i><\/div><div class=\"awb-swiper-button awb-swiper-button-next\"><i class=\"awb-icon-angle-right\" aria-hidden=\"true\"><\/i><\/div><\/div><\/div><div class=\"fusion-text fusion-text-3\"><div class=\"fusion-text fusion-text-1\">\n<p><span class=\"yt-core-attributed-string--link-inherit-color\" dir=\"auto\">The municipality of Hegyvid\u00e9k is at the forefront of developing a timely strategy to mitigate the effects of climate change.<\/span><\/p>\n<p><span class=\"yt-core-attributed-string--link-inherit-color\" dir=\"auto\">One of the most important of these is to reduce the destructive impact of rainfall from the mountain and to use the captured rainwater efficiently during the drought period.<\/span><\/p>\n<p>Rainwater harvesting barrels have been provided to the public for years. The new construction project that has just started <span class=\"yt-core-attributed-string--link-inherit-color\" dir=\"auto\">j rainwater harvesting cisterns were installed at the intersection of Diana Street and Lily of the Valley Street, where rainwater runoff from the hill posed a threat to the lower-lying streets. The project was preceded by lengthy planning and site selection, but the 30 m3 of cisterns now in place are just the beginning. <\/span><\/p>\n<p>In the next phase, two 10 m3 cisterns will be installed in \u00dcr\u00f6m Street, one for storage and the other for desilting &#8211; adapted to local conditions.<\/p>\n<p><span class=\"yt-core-attributed-string--link-inherit-color\" dir=\"auto\">The investment under the Urban Rain project will be followed up in other parts of the district, as these developments are the first examples of investment in a larger scheme. In Pagony Street, for example, rain gardens and belt ditches will be created, but there are also plans to install monitoring stations and measuring instruments that will allow immediate intervention by providing real-time data. <\/span><\/p>\n<\/div>\n<div class=\"fusion-title title fusion-title-1 fusion-sep-none fusion-title-text fusion-title-size-five\">\n<h5 class=\"fusion-title-heading title-heading-left fusion-responsive-typography-calculated\" data-fontsize=\"20\" data-lineheight=\"24px\">Interview by Hegyvid\u00e9k TV:<\/h5>\n<\/div>\n<\/div><div class=\"fusion-video fusion-youtube\" style=\"--awb-max-width:640px;--awb-max-height:450px;--awb-align-self:center;--awb-width:100%;\"><div class=\"video-shortcode\"><div class=\"fluid-width-video-wrapper\" style=\"padding-top:70.31%;\" ><iframe title=\"YouTube video player 1\" src=\"https:\/\/www.youtube.com\/embed\/9PscmyHdJeU?wmode=transparent&autoplay=0\" width=\"640\" height=\"450\" allowfullscreen allow=\"autoplay; clipboard-write; encrypted-media; gyroscope; picture-in-picture;\"><\/iframe><\/div><\/div><\/div><div class=\"fusion-separator fusion-full-width-sep\" style=\"align-self: center;margin-left: auto;margin-right: auto;margin-top:40px;width:100%;\"><\/div><div class=\"fusion-section-separator section-separator curved fusion-section-separator-1\" style=\"--awb-spacer-height:99px;--awb-svg-margin-left:1.92%;--awb-svg-margin-right:1.92%;--awb-svg-margin-left-medium:1.92%;--awb-svg-margin-right-medium:1.92%;--awb-svg-margin-left-small:1.92%;--awb-svg-margin-right-small:1.92%;--awb-divider-height:99px;--awb-spacer-padding-top:inherit;--awb-sep-padding:0;--awb-svg-padding:0;\"><div class=\"fusion-section-separator-svg\"><svg class=\"fusion-curved-candy\" xmlns=\"http:\/\/www.w3.org\/2000\/svg\" version=\"1.1\" width=\"100%\" height=\"100\" viewBox=\"0 0 100 100\" preserveAspectRatio=\"none\" fill=\"rgba(25,143,217,1)\"><path d=\"M0 100 C 20 0 50 0 100 100 Z\"><\/path><\/svg><\/div><div class=\"fusion-section-separator-spacer\"><div class=\"fusion-section-separator-spacer-height\"><\/div><\/div><\/div><div class=\"fusion-flip-boxes flip-boxes row fusion-columns-1 flip-effect-classic equal-heights\"><div class=\"fusion-flip-box-wrapper fusion-column col-lg-12 col-md-12 col-sm-12\"><div class=\"fusion-flip-box flip-up\" tabindex=\"0\"><div class=\"flip-box-inner-wrapper\"><div class=\"flip-box-front\" style=\"--awb-circle-color:#212326;--awb-circle-border-color:#ffffff;\"><div class=\"flip-box-front-inner\"><div class=\"flip-box-grafix flip-box-circle\"><i aria-hidden=\"true\" class=\"fa-question fas\"><\/i><\/div><h3 class=\"flip-box-heading\">What is the purpose of the investment?<\/h3> <\/div><\/div><div class=\"flip-box-back\" style=\"--awb-circle-color:#212326;--awb-circle-border-color:#ffffff;\"><div class=\"flip-box-back-inner\"><h4 class=\"flip-box-heading-back\">What is the purpose of the investment?<\/h4>\n<p>The Diana Street underground rainwater reservoir was created as part of the LIFE Urban Rain project and aims to retain and reuse rainwater during the dry season. A Hegyvid\u00e9ki \u00d6nkorm\u00e1nyzat projektben v\u00e1llalt hossz\u00fa t\u00e1v\u00fa c\u00e9lja, hogy a kl\u00edmav\u00e1ltoz\u00e1s k\u00f6vetkezt\u00e9ben \u2013 a rendelkez\u00e9sre \u00e1ll\u00f3 \u00f6sszes elemz\u00e9s szerint \u2013 egyre intenz\u00edvebb\u00e9 v\u00e1l\u00f3 csapad\u00e9kmennyis\u00e9g a j\u00f6v\u0151ben min\u00e9l kisebb k\u00e1rt okozzon k\u00f6z-\u00e9s mag\u00e1nter\u00fcletek egyar\u00e1nt. <\/p>\n<\/div><\/div><\/div><\/div><\/div><div class=\"fusion-flip-box-wrapper fusion-column col-lg-12 col-md-12 col-sm-12\"><div class=\"fusion-flip-box flip-up\" tabindex=\"0\"><div class=\"flip-box-inner-wrapper\"><div class=\"flip-box-front\" style=\"--awb-circle-color:#212326;--awb-circle-border-color:#ffffff;\"><div class=\"flip-box-front-inner\"><div class=\"flip-box-grafix flip-box-circle\"><i aria-hidden=\"true\" class=\"fa-question fas\"><\/i><\/div><h3 class=\"flip-box-heading\">Why the intersection of Diana Street and Lily of the Valley Road?<\/h3> <\/div><\/div><div class=\"flip-box-back\" style=\"--awb-circle-color:#212326;--awb-circle-border-color:#ffffff;\"><div class=\"flip-box-back-inner\"><h4 class=\"flip-box-heading-back\">Why the intersection of Diana Street and Lily of the Valley Road?<\/h4>\n<p>The proposed groundwater reservoir at the intersection of Pearl Flower Road and Diana Street is located on top of the Gy\u0151ri Road &#8211; Sv\u00e1bhegy sub-catchment area. In case of heavy rainfall, the lower areas of the sub-catchment will suffer severe flood damage, including to public and private properties. Runoff modelling results indicate that significant amounts of rainfall can be captured already at the intersection of Pearlwort Road and Diana Street, making it a perfect location to retain sudden rainfall.  <\/p>\n<p>With this pilot project, the Municipality of Hegyvid\u00e9k wants to demonstrate that in order to protect the lower parts of the catchment area from flooding, rainwater must be retained in the higher areas. In the district, a similar reservoir is being built in \u00d6r\u00f6m Street. If these pilot interventions prove successful, further similar developments could be carried out in the district in the future.  <\/p>\n<\/div><\/div><\/div><\/div><\/div><div class=\"fusion-flip-box-wrapper fusion-column col-lg-12 col-md-12 col-sm-12\"><div class=\"fusion-flip-box flip-up\" tabindex=\"0\"><div class=\"flip-box-inner-wrapper\"><div class=\"flip-box-front\" style=\"--awb-circle-color:#212326;--awb-circle-border-color:#ffffff;\"><div class=\"flip-box-front-inner\"><div class=\"flip-box-grafix flip-box-circle\"><i aria-hidden=\"true\" class=\"fa-question fas\"><\/i><\/div><h3 class=\"flip-box-heading\">How does the rainwater reservoir work?<\/h3> <\/div><\/div><div class=\"flip-box-back\" style=\"--awb-circle-color:#212326;--awb-circle-border-color:#ffffff;\"><div class=\"flip-box-back-inner\"><h4 class=\"flip-box-heading-back\">How does the rainwater reservoir work?<\/h4>\n<p>The total capacity of the groundwater tank is 30 m3, consisting of 3 interconnected 10 m3 elements. Stormwater run-off from the surface is collected by a grid river crossing Diana Street and is then conveyed to the underground interconnected reservoirs. The stormwater is treated using sand traps and oil traps. When all the tanks are full, the excess rainwater is returned to the road surface through an overflow.   <\/p>\n<\/div><\/div><\/div><\/div><\/div><div class=\"fusion-flip-box-wrapper fusion-column col-lg-12 col-md-12 col-sm-12\"><div class=\"fusion-flip-box flip-up\" tabindex=\"0\"><div class=\"flip-box-inner-wrapper\"><div class=\"flip-box-front\" style=\"--awb-circle-color:#212326;--awb-circle-border-color:#ffffff;\"><div class=\"flip-box-front-inner\"><div class=\"flip-box-grafix flip-box-circle\"><i aria-hidden=\"true\" class=\"fa-question fas\"><\/i><\/div><h3 class=\"flip-box-heading\">What happens to the collected rainwater?<\/h3> <\/div><\/div><div class=\"flip-box-back\" style=\"--awb-circle-color:#212326;--awb-circle-border-color:#ffffff;\"><div class=\"flip-box-back-inner\"><h4 class=\"flip-box-heading-back\">What happens to the collected rainwater?<\/h4>\n<p>Each reservoir element will be equipped with an automatic transducer to measure the saturation of the tanks. The data is collected on the Municipality&#8217;s server, allowing the Municipality&#8217;s staff to monitor the amount of rainwater collected. The rainwater collected is pumped out by the green area maintenance contractors and used to irrigate small green areas in public areas (e.g. flower beds, tree borders, bee-keeping areas, etc.) during dry periods, replacing the use of fire water.  <\/p>\n<\/div><\/div><\/div><\/div><\/div><\/div><\/div><\/div><\/div><\/div>\n","protected":false},"excerpt":{"rendered":"","protected":false},"author":1,"featured_media":0,"parent":0,"menu_order":0,"comment_status":"closed","ping_status":"closed","template":"","meta":{"footnotes":""},"class_list":["post-6795","page","type-page","status-publish","hentry"],"_links":{"self":[{"href":"https:\/\/varosieso.hu\/en\/wp-json\/wp\/v2\/pages\/6795","targetHints":{"allow":["GET"]}}],"collection":[{"href":"https:\/\/varosieso.hu\/en\/wp-json\/wp\/v2\/pages"}],"about":[{"href":"https:\/\/varosieso.hu\/en\/wp-json\/wp\/v2\/types\/page"}],"author":[{"embeddable":true,"href":"https:\/\/varosieso.hu\/en\/wp-json\/wp\/v2\/users\/1"}],"replies":[{"embeddable":true,"href":"https:\/\/varosieso.hu\/en\/wp-json\/wp\/v2\/comments?post=6795"}],"version-history":[{"count":13,"href":"https:\/\/varosieso.hu\/en\/wp-json\/wp\/v2\/pages\/6795\/revisions"}],"predecessor-version":[{"id":7204,"href":"https:\/\/varosieso.hu\/en\/wp-json\/wp\/v2\/pages\/6795\/revisions\/7204"}],"wp:attachment":[{"href":"https:\/\/varosieso.hu\/en\/wp-json\/wp\/v2\/media?parent=6795"}],"curies":[{"name":"wp","href":"https:\/\/api.w.org\/{rel}","templated":true}]}}