{"id":6801,"date":"2024-11-12T15:41:54","date_gmt":"2024-11-12T15:41:54","guid":{"rendered":"https:\/\/varosieso.hu\/street-of-joy\/"},"modified":"2025-02-18T18:20:41","modified_gmt":"2025-02-18T18:20:41","slug":"street-of-joy","status":"publish","type":"page","link":"https:\/\/varosieso.hu\/en\/street-of-joy\/","title":{"rendered":"Street of Joy"},"content":{"rendered":"<div class=\"fusion-fullwidth fullwidth-box fusion-builder-row-1 fusion-flex-container has-pattern-background has-mask-background nonhundred-percent-fullwidth non-hundred-percent-height-scrolling\" style=\"--awb-border-radius-top-left:0px;--awb-border-radius-top-right:0px;--awb-border-radius-bottom-right:0px;--awb-border-radius-bottom-left:0px;--awb-flex-wrap:wrap;\" ><div class=\"fusion-builder-row fusion-row fusion-flex-align-items-flex-start fusion-flex-content-wrap\" style=\"max-width:1248px;margin-left: calc(-4% \/ 2 );margin-right: calc(-4% \/ 2 );\"><div class=\"fusion-layout-column fusion_builder_column fusion-builder-column-0 fusion_builder_column_1_1 1_1 fusion-flex-column\" style=\"--awb-bg-size:cover;--awb-width-large:100%;--awb-margin-top-large:0px;--awb-spacing-right-large:1.92%;--awb-margin-bottom-large:20px;--awb-spacing-left-large:1.92%;--awb-width-medium:100%;--awb-order-medium:0;--awb-spacing-right-medium:1.92%;--awb-spacing-left-medium:1.92%;--awb-width-small:100%;--awb-order-small:0;--awb-spacing-right-small:1.92%;--awb-spacing-left-small:1.92%;\"><div class=\"fusion-column-wrapper fusion-column-has-shadow fusion-flex-justify-content-flex-start fusion-content-layout-column\"><div class=\"fusion-separator fusion-full-width-sep\" style=\"align-self: center;margin-left: auto;margin-right: auto;margin-top:40px;width:100%;\"><\/div><div class=\"fusion-title title fusion-title-1 fusion-sep-none fusion-title-text fusion-title-size-four\"><h4 class=\"fusion-title-heading title-heading-left\" style=\"margin:0;\">Budapest Capital XII. district Hegyvid\u00e9ki Municipality<\/h4><\/div><div class=\"fusion-title title fusion-title-2 fusion-sep-none fusion-title-text fusion-title-size-three\"><h3 class=\"fusion-title-heading title-heading-left\" style=\"margin:0;\">Joy Street underground rainwater storage and seepage<\/h3><\/div><div class=\"fusion-separator fusion-full-width-sep\" style=\"align-self: center;margin-left: auto;margin-right: auto;margin-top:40px;width:100%;\"><\/div><\/div><\/div><div class=\"fusion-layout-column fusion_builder_column fusion-builder-column-1 fusion_builder_column_1_1 1_1 fusion-flex-column\" style=\"--awb-bg-size:cover;--awb-width-large:100%;--awb-margin-top-large:0px;--awb-spacing-right-large:1.92%;--awb-margin-bottom-large:20px;--awb-spacing-left-large:1.92%;--awb-width-medium:100%;--awb-order-medium:0;--awb-spacing-right-medium:1.92%;--awb-spacing-left-medium:1.92%;--awb-width-small:100%;--awb-order-small:0;--awb-spacing-right-small:1.92%;--awb-spacing-left-small:1.92%;\"><div class=\"fusion-column-wrapper fusion-column-has-shadow fusion-flex-justify-content-flex-start fusion-content-layout-column\"><div class=\"fusion-text fusion-text-1\"><p>The Municipality of Hegyvid\u00e9k participates as a project promoter in the LIFE UrbanExtreme project. The aim of the pilot project is to investigate the problems arising from changes in precipitation events due to climate change, or the lack thereof, in the different geographical and built-up districts of the capital, and in the light of this to create a solution proposal and action plan for sustainable stormwater management at district and capital level.<\/p>\n<\/div><\/div><\/div><div class=\"fusion-layout-column fusion_builder_column fusion-builder-column-2 fusion_builder_column_1_1 1_1 fusion-flex-column\" style=\"--awb-bg-size:cover;--awb-width-large:100%;--awb-margin-top-large:0px;--awb-spacing-right-large:1.92%;--awb-margin-bottom-large:20px;--awb-spacing-left-large:1.92%;--awb-width-medium:100%;--awb-order-medium:0;--awb-spacing-right-medium:1.92%;--awb-spacing-left-medium:1.92%;--awb-width-small:100%;--awb-order-small:0;--awb-spacing-right-small:1.92%;--awb-spacing-left-small:1.92%;\"><div class=\"fusion-column-wrapper fusion-column-has-shadow fusion-flex-justify-content-flex-start fusion-content-layout-column\"><div class=\"fusion-text fusion-text-2\"><p>A <span class=\"fusion-tooltip tooltip-shortcode\" data-animation=\"\" data-delay=\"0\" data-placement=\"top\" data-title=\"Identification number: LIFE20 CCA\/HU\/001774\" title=\"Identification number: LIFE20 CCA\/HU\/001774\" data-toggle=\"tooltip\" data-trigger=\"hover\">LIFE in Runoff<\/span> The main long-term goal of the project is to minimise the damage caused by the increasing intensity of precipitation in Budapest in the future, according to all available analyses, and to use the experience of the project to help other cities in Hungary and abroad to better protect themselves against the damage caused by intense precipitation.<\/p>\n<\/div><div class=\"fusion-image-carousel fusion-image-carousel-auto fusion-image-carousel-1 fusion-carousel-border\"><div class=\"awb-carousel awb-swiper awb-swiper-carousel awb-carousel--carousel awb-swiper-dots-position-bottom\" data-layout=\"carousel\" data-autoplay=\"no\" data-autoplayspeed=\"2500\" data-autoplaypause=\"no\" data-columns=\"5\" data-columnsmedium=\"1\" data-columnssmall=\"1\" data-itemmargin=\"13\" data-itemwidth=\"180\" data-touchscroll=\"no\" data-freemode=\"no\" data-imagesize=\"auto\" data-scrollitems=\"0\" data-centeredslides=\"no\" data-rotationangle=\"50\" data-depth=\"100\" data-speed=\"500\" data-shadow=\"no\" data-pagination=\"bullets\" style=\"--awb-border-width:1px;--awb-border-color:#e9eaee;\"><div class=\"swiper-wrapper awb-image-carousel-wrapper fusion-flex-align-items-center\"><div class=\"swiper-slide\"><div class=\"fusion-carousel-item-wrapper\"><div class=\"fusion-image-wrapper hover-type-none\"><img decoding=\"async\" width=\"2560\" height=\"1920\" src=\"https:\/\/varosieso.hu\/wp-content\/uploads\/2025\/01\/Orom_3_20241205-scaled.jpg\" class=\"attachment-full size-full\" alt=\"\" srcset=\"https:\/\/varosieso.hu\/wp-content\/uploads\/2025\/01\/Orom_3_20241205-200x150.jpg 200w, https:\/\/varosieso.hu\/wp-content\/uploads\/2025\/01\/Orom_3_20241205-400x300.jpg 400w, https:\/\/varosieso.hu\/wp-content\/uploads\/2025\/01\/Orom_3_20241205-600x450.jpg 600w, https:\/\/varosieso.hu\/wp-content\/uploads\/2025\/01\/Orom_3_20241205-800x600.jpg 800w, https:\/\/varosieso.hu\/wp-content\/uploads\/2025\/01\/Orom_3_20241205-1200x900.jpg 1200w, https:\/\/varosieso.hu\/wp-content\/uploads\/2025\/01\/Orom_3_20241205-scaled.jpg 2560w\" sizes=\"(min-width: 2200px) 100vw, (min-width: 712px) 594px, (min-width: 640px) 712px, \" \/><\/div><\/div><\/div><div class=\"swiper-slide\"><div class=\"fusion-carousel-item-wrapper\"><div class=\"fusion-image-wrapper hover-type-none\"><img decoding=\"async\" width=\"2560\" height=\"1920\" src=\"https:\/\/varosieso.hu\/wp-content\/uploads\/2025\/01\/Orom_4_20241205-scaled.jpg\" class=\"attachment-full size-full\" alt=\"\" srcset=\"https:\/\/varosieso.hu\/wp-content\/uploads\/2025\/01\/Orom_4_20241205-200x150.jpg 200w, https:\/\/varosieso.hu\/wp-content\/uploads\/2025\/01\/Orom_4_20241205-400x300.jpg 400w, https:\/\/varosieso.hu\/wp-content\/uploads\/2025\/01\/Orom_4_20241205-600x450.jpg 600w, https:\/\/varosieso.hu\/wp-content\/uploads\/2025\/01\/Orom_4_20241205-800x600.jpg 800w, https:\/\/varosieso.hu\/wp-content\/uploads\/2025\/01\/Orom_4_20241205-1200x900.jpg 1200w, https:\/\/varosieso.hu\/wp-content\/uploads\/2025\/01\/Orom_4_20241205-scaled.jpg 2560w\" sizes=\"(min-width: 2200px) 100vw, (min-width: 712px) 594px, (min-width: 640px) 712px, \" \/><\/div><\/div><\/div><\/div><div class=\"awb-swiper-button awb-swiper-button-prev\"><i class=\"awb-icon-angle-left\" aria-hidden=\"true\"><\/i><\/div><div class=\"awb-swiper-button awb-swiper-button-next\"><i class=\"awb-icon-angle-right\" aria-hidden=\"true\"><\/i><\/div><\/div><\/div><div class=\"fusion-text fusion-text-3\"><p>Under the leadership of the Green Office of the Municipality of Hegyvid\u00e9k, the installation of rainwater harvesting cisterns continued. After <a href=\"https:\/\/varosieso.hu\/2024\/12\/06\/hegyvidek-rainwater-collection-in-diana-street\/?lang=en\" target=\"_blank\" rel=\"noopener noreferrer\">Diana Street<\/a>, two 10 m3 underground rainwater storage tanks were installed in Joy Street. The Green Office staff are working with other districts and the capital to develop a stormwater management plan, and the small interventions underway are a good basis for this.<\/p>\n<h5 class=\"fusion-responsive-typography-calculated\" data-fontsize=\"20\" data-lineheight=\"24px\">Zolt\u00e1n R\u00f3zsa, the office manager of the Hegyvid\u00e9k Green Office, gave an interview to Hegyvid\u00e9k TV:<\/h5>\n<\/div><div class=\"fusion-video fusion-youtube\" style=\"--awb-max-width:640px;--awb-max-height:450px;--awb-align-self:center;--awb-width:100%;\"><div class=\"video-shortcode\"><div class=\"fluid-width-video-wrapper\" style=\"padding-top:70.31%;\" ><iframe title=\"YouTube video player 1\" src=\"https:\/\/www.youtube.com\/embed\/zbQKJxbj06o?wmode=transparent&autoplay=0\" width=\"640\" height=\"450\" allowfullscreen allow=\"autoplay; clipboard-write; encrypted-media; gyroscope; picture-in-picture;\"><\/iframe><\/div><\/div><\/div><div class=\"fusion-separator fusion-full-width-sep\" style=\"align-self: center;margin-left: auto;margin-right: auto;margin-top:40px;width:100%;\"><\/div><div class=\"fusion-section-separator section-separator waves fusion-section-separator-1\" style=\"--awb-spacer-padding-top:15.8203125%;--awb-svg-margin-left:1.92%;--awb-svg-margin-right:1.92%;--awb-svg-margin-left-medium:1.92%;--awb-svg-margin-right-medium:1.92%;--awb-svg-margin-left-small:1.92%;--awb-svg-margin-right-small:1.92%;--awb-sep-font-size:0;--awb-sep-line-height:0;\"><div class=\"fusion-section-separator-svg\"><svg class=\"fusion-waves-candy\" xmlns=\"http:\/\/www.w3.org\/2000\/svg\" version=\"1.1\" width=\"100%\" viewBox=\"0 54 1024 162\" preserveAspectRatio=\"none\" fill=\"rgba(25,143,217,1)\"><path class=\"st3\" d=\"M0 216.312h1024v-3.044c-50.8-17.1-108.7-30.7-172.7-37.9-178.6-19.8-220 36.8-404.9 21.3-206.6-17.2-228-126.5-434.5-141.6-3.9-.3-7.9-.5-11.9-.7v161.944z\"\/><\/svg><\/div><div class=\"fusion-section-separator-spacer\"><div class=\"fusion-section-separator-spacer-height\"><\/div><\/div><\/div><div class=\"fusion-flip-boxes flip-boxes row fusion-columns-1 flip-effect-classic equal-heights\"><div class=\"fusion-flip-box-wrapper fusion-column col-lg-12 col-md-12 col-sm-12\"><div class=\"fusion-flip-box flip-up\" tabindex=\"0\"><div class=\"flip-box-inner-wrapper\"><div class=\"flip-box-front\" style=\"--awb-circle-color:#212326;--awb-circle-border-color:#ffffff;\"><div class=\"flip-box-front-inner\"><div class=\"flip-box-grafix flip-box-circle\"><i aria-hidden=\"true\" class=\"fa-question fas\"><\/i><\/div><h3 class=\"flip-box-heading\">What is the purpose of the investment?<\/h3> <\/div><\/div><div class=\"flip-box-back\" style=\"--awb-circle-color:#212326;--awb-circle-border-color:#ffffff;\"><div class=\"flip-box-back-inner\"><h4 class=\"flip-box-heading-back\">What is the purpose of the investment?<\/h4>\n<p>Az \u00d6r\u00f6m utcai felsz\u00edn alatti es\u0151v\u00edzt\u00e1roz\u00f3 \u00e9s szikkaszt\u00f3 a LIFE V\u00e1rosi Es\u0151 projekt keret\u00e9ben j\u00f6tt<br \/>\nl\u00e9tre, \u00e9s a csapad\u00e9kv\u00edz megtart\u00e1s\u00e1t \u00e9s sz\u00e1raz id\u0151szakban t\u00f6rt\u00e9n\u0151 \u00fajrafelhaszn\u00e1l\u00e1s\u00e1t c\u00e9lozza.<\/p>\n<p>A Hegyvid\u00e9ki \u00d6nkorm\u00e1nyzat projektben v\u00e1llalt hossz\u00fa t\u00e1v\u00fa c\u00e9lja, hogy a kl\u00edmav\u00e1ltoz\u00e1s<br \/>\nk\u00f6vetkezt\u00e9ben \u2013 a rendelkez\u00e9sre \u00e1ll\u00f3 \u00f6sszes elemz\u00e9s szerint \u2013 egyre intenz\u00edvebb\u00e9 v\u00e1l\u00f3<br \/>\ncsapad\u00e9kmennyis\u00e9g a j\u00f6v\u0151ben min\u00e9l kisebb k\u00e1rt okozzon k\u00f6z-\u00e9s mag\u00e1nter\u00fcletek egyar\u00e1nt.<\/p>\n<\/div><\/div><\/div><\/div><\/div><div class=\"fusion-flip-box-wrapper fusion-column col-lg-12 col-md-12 col-sm-12\"><div class=\"fusion-flip-box flip-up\" tabindex=\"0\"><div class=\"flip-box-inner-wrapper\"><div class=\"flip-box-front\" style=\"--awb-circle-color:#212326;--awb-circle-border-color:#ffffff;\"><div class=\"flip-box-front-inner\"><div class=\"flip-box-grafix flip-box-circle\"><i aria-hidden=\"true\" class=\"fa-question fas\"><\/i><\/div><h3 class=\"flip-box-heading\">Why Joy Street?<\/h3> <\/div><\/div><div class=\"flip-box-back\" style=\"--awb-circle-color:#212326;--awb-circle-border-color:#ffffff;\"><div class=\"flip-box-back-inner\"><h4 class=\"flip-box-heading-back\">Why Joy Street?<\/h4>\n<p>The proposed groundwater reservoir and seepage pit in Joy Street is located on a steep hillside in the southern part of the Mountain Region. In this part of the district there is only a sewer, into which stormwater from both private and public areas is prohibited. During heavy rainfall, rainwater accumulated in the higher parts of the sub-catchment area flows down through the street &#8220;Joy&#8221; and floods several private properties in the lower areas. At the start of the project there was already an infiltration block on site, but it was not of sufficient capacity or maintenance.   <\/p>\n<p>With this pilot project, the Municipality of Hegyvid\u00e9k is testing the modification of existing infrastructure at a higher point in the sub-catchment area in a way that will reduce the flooding experienced. In the district, a similar reservoir is being constructed in Diana Street. If these pilot interventions prove successful, further similar improvements could be implemented in the district in the future.<\/p>\n<\/div><\/div><\/div><\/div><\/div><div class=\"fusion-flip-box-wrapper fusion-column col-lg-12 col-md-12 col-sm-12\"><div class=\"fusion-flip-box flip-up\" tabindex=\"0\"><div class=\"flip-box-inner-wrapper\"><div class=\"flip-box-front\" style=\"--awb-circle-color:#212326;--awb-circle-border-color:#ffffff;\"><div class=\"flip-box-front-inner\"><div class=\"flip-box-grafix flip-box-circle\"><i aria-hidden=\"true\" class=\"fa-question fas\"><\/i><\/div><h3 class=\"flip-box-heading\">How does the rainwater retention system work?<\/h3> <\/div><\/div><div class=\"flip-box-back\" style=\"--awb-circle-color:#212326;--awb-circle-border-color:#ffffff;\"><div class=\"flip-box-back-inner\"><h4 class=\"flip-box-heading-back\">How does the rainwater retention system work?<\/h4>The total capacity of the underground water retention system is 20 m3, consisting of a 10 m3 reservoir<br \/>\nunit and a 10 m3 sump unit. The surface runoff is collected by two interconnected catchment wells on the roadside of the street, and the water is then discharged into the interconnected reservoir and siltation units. The stormwater is treated with sand traps and oil traps<br \/>\n. It is calculated that there is no need for an overflow because the stormwater is drained back to the ground in the second, siltation unit.<\/div><\/div><\/div><\/div><\/div><div class=\"fusion-flip-box-wrapper fusion-column col-lg-12 col-md-12 col-sm-12\"><div class=\"fusion-flip-box flip-up\" tabindex=\"0\"><div class=\"flip-box-inner-wrapper\"><div class=\"flip-box-front\" style=\"--awb-circle-color:#212326;--awb-circle-border-color:#ffffff;\"><div class=\"flip-box-front-inner\"><div class=\"flip-box-grafix flip-box-circle\"><i aria-hidden=\"true\" class=\"fa-question fas\"><\/i><\/div><h3 class=\"flip-box-heading\">What happens to the collected rainwater?<\/h3> <\/div><\/div><div class=\"flip-box-back\" style=\"--awb-circle-color:#212326;--awb-circle-border-color:#ffffff;\"><div class=\"flip-box-back-inner\"><h4 class=\"flip-box-heading-back\">What happens to the collected rainwater?<\/h4>\n<p>It is planned to install a water level meter<br \/>\nin each of the reservoir and siltation elements, equipped with an automatic transmitter to measure the saturation of the units. The data will be collected on the Municipality&#8217;s server<br \/>\nand will allow the Municipality&#8217;s staff to monitor the amount of rainwater collected. The collected rainwater is pumped out by the green area maintainers and used to irrigate small green areas in public spaces (e.g. flower beds, tree borders, bee gardens, etc.) during dry periods, replacing<br \/>\nthe use of fire water.<\/p>\n<\/div><\/div><\/div><\/div><\/div><\/div><\/div><\/div><\/div><\/div>\n","protected":false},"excerpt":{"rendered":"","protected":false},"author":1,"featured_media":0,"parent":0,"menu_order":0,"comment_status":"closed","ping_status":"closed","template":"","meta":{"footnotes":""},"class_list":["post-6801","page","type-page","status-publish","hentry"],"_links":{"self":[{"href":"https:\/\/varosieso.hu\/en\/wp-json\/wp\/v2\/pages\/6801","targetHints":{"allow":["GET"]}}],"collection":[{"href":"https:\/\/varosieso.hu\/en\/wp-json\/wp\/v2\/pages"}],"about":[{"href":"https:\/\/varosieso.hu\/en\/wp-json\/wp\/v2\/types\/page"}],"author":[{"embeddable":true,"href":"https:\/\/varosieso.hu\/en\/wp-json\/wp\/v2\/users\/1"}],"replies":[{"embeddable":true,"href":"https:\/\/varosieso.hu\/en\/wp-json\/wp\/v2\/comments?post=6801"}],"version-history":[{"count":11,"href":"https:\/\/varosieso.hu\/en\/wp-json\/wp\/v2\/pages\/6801\/revisions"}],"predecessor-version":[{"id":7304,"href":"https:\/\/varosieso.hu\/en\/wp-json\/wp\/v2\/pages\/6801\/revisions\/7304"}],"wp:attachment":[{"href":"https:\/\/varosieso.hu\/en\/wp-json\/wp\/v2\/media?parent=6801"}],"curies":[{"name":"wp","href":"https:\/\/api.w.org\/{rel}","templated":true}]}}